{"id":413,"date":"2019-12-11T10:33:15","date_gmt":"2019-12-11T09:33:15","guid":{"rendered":"https:\/\/web-ankh.com\/blog\/?page_id=413"},"modified":"2023-01-19T17:28:25","modified_gmt":"2023-01-19T16:28:25","slug":"web-ankh-blog","status":"publish","type":"page","link":"https:\/\/web-ankh.com\/blog\/","title":{"rendered":"web-ankh-blog"},"content":{"rendered":"<br \/>\n<h1>Sch\u00fctzen Sie Ihre Website \u2013 wir unterst\u00fctzen Sie dabei<\/h1>\n<p> <br \/>\n<div class=\"su-row\"><div class=\"su-column su-column-size-1-3\"><div class=\"su-column-inner su-u-clearfix su-u-trim\">\n<img decoding=\"async\" src=\"https:\/\/web-ankh.com\/blog\/wp-content\/uploads\/2018\/03\/blog-bilder-beitrag-website-schutz-600.jpg\" alt=\"\" width=\"500\"  \/><br \/>\n<\/div><\/div>\n<div class=\"su-column su-column-size-2-3\"><div class=\"su-column-inner su-u-clearfix su-u-trim\">\nSicher haben Sie durch die Presse schon viele Meldungen \u00fcber die steigende Internetkriminalit\u00e4t erfahren. Die Websites von Krankenh\u00e4usern, Verwaltungen, gro\u00dfen Firmen, aber leider auch vielen mittleren und kleinen Betrieben wurden durch verschiedene Angriffe f\u00fcr eine Weile lahmgelegt, zeigten misteri\u00f6se Botschaften, wurden auf unseri\u00f6se Seiten umgeleitet, oder verlangten L\u00f6segeld.<br \/>\n<br \/>\n<a href=\"https:\/\/web-ankh.com\/blog\/schuetzen-sie-ihre-website\/\"><strong>Lesen Sie den kompletten Artikel.<\/strong><\/a><\/p>\n<p><strong>Wir haben ein interessantes Angebot f\u00fcr Sie zusammengestellt&#8230;<\/strong><\/p>\n<\/div><\/div><\/div>\n<\/p>\n<hr>\n<div class=\"su-row grau\">\n<h1>&nbsp;<br \/>\nInteressantes aus unserer WEB-Agentur<\/h1>\n<style>.wp-show-posts-columns#wpsp-667 {margin-left: -2em; }.wp-show-posts-columns#wpsp-667 .wp-show-posts-inner {margin: 0 0 2em 2em; }<\/style><section id=\"wpsp-667\" class=\" wp-show-posts-columns wp-show-posts\" style=\"\"><article class=\" wp-show-posts-single post-859 post type-post status-publish format-standard hentry category-wissen wpsp-col-6\" itemtype=\"http:\/\/schema.org\/CreativeWork\" itemscope><div class=\"wp-show-posts-inner\" style=\"\">\t\t\t\t\t\t<header class=\"wp-show-posts-entry-header\">\n\t\t\t\t\t\t\t<h5 class=\"wp-show-posts-entry-title\" itemprop=\"headline\"><a href=\"https:\/\/web-ankh.com\/blog\/prost-pixify\/\" rel=\"bookmark\">PROST PIXIFY!<\/a><\/h5><div class=\"wp-show-posts-entry-meta wp-show-posts-entry-meta-below-title post-meta-inline\"><span class=\"wp-show-posts-posted-on wp-show-posts-meta\">\n\t\t\t\t\t<a href=\"https:\/\/web-ankh.com\/blog\/prost-pixify\/\" title=\"10:11\" rel=\"bookmark\"><time class=\"wp-show-posts-entry-date published\" datetime=\"2022-07-08T10:11:19+01:00\" itemprop=\"datePublished\">08.07.2022<\/time><\/a>\n\t\t\t\t<\/span><\/div>\t\t\t\t\t\t<\/header><!-- .entry-header -->\n\t\t\t\t\t\t\t\t\t\t\t<div class=\"wp-show-posts-entry-summary\" itemprop=\"text\">\n\t\t\t\t\t\t\t<p>Endlich bin ich auf Shopify mit einer brandneuen Website: Antikstock Images! Wie Sie in meinen vorherigen Beitr\u00e4gen gelesen haben, war ich sehr fasziniert von Shopify. Das Front-End sah \u00fcberraschend einfach&#8230;<\/p>\n\t\t\t\t\t\t<\/div><!-- .entry-summary -->\n\t\t\t\t\t<div class=\"wpsp-read-more\"><a title=\"PROST PIXIFY!\" class=\"wp-show-posts-read-more\" href=\"https:\/\/web-ankh.com\/blog\/prost-pixify\/\">Weiterlesen<\/a><\/div><\/div><!-- wp-show-posts-inner --><\/article><article class=\" wp-show-posts-single post-838 post type-post status-publish format-standard hentry category-wissen wpsp-col-6\" itemtype=\"http:\/\/schema.org\/CreativeWork\" itemscope><div class=\"wp-show-posts-inner\" style=\"\">\t\t\t\t\t\t<header class=\"wp-show-posts-entry-header\">\n\t\t\t\t\t\t\t<h5 class=\"wp-show-posts-entry-title\" itemprop=\"headline\"><a href=\"https:\/\/web-ankh.com\/blog\/stockbilder-auf-shopify\/\" rel=\"bookmark\">Stockbilder auf Shopify<\/a><\/h5><div class=\"wp-show-posts-entry-meta wp-show-posts-entry-meta-below-title post-meta-inline\"><span class=\"wp-show-posts-posted-on wp-show-posts-meta\">\n\t\t\t\t\t<a href=\"https:\/\/web-ankh.com\/blog\/stockbilder-auf-shopify\/\" title=\"11:14\" rel=\"bookmark\"><time class=\"wp-show-posts-entry-date published\" datetime=\"2022-04-25T11:14:13+01:00\" itemprop=\"datePublished\">25.04.2022<\/time><time class=\"wp-show-posts-updated\" datetime=\"2022-04-25T11:15:52+01:00\" itemprop=\"dateModified\">25.04.2022<\/time><\/a>\n\t\t\t\t<\/span><\/div>\t\t\t\t\t\t<\/header><!-- .entry-header -->\n\t\t\t\t\t\t\t\t\t\t\t<div class=\"wp-show-posts-entry-summary\" itemprop=\"text\">\n\t\t\t\t\t\t\t<p>Wie man sie verkauft \u2013 einige Ideen Wie ich in meinem letzten Beitrag geschrieben habe, m\u00f6chte ich Shopify ausprobieren und eine Website erstellen, um meine Bilder dort zu verkaufen. Grunds\u00e4tzlich&#8230;<\/p>\n\t\t\t\t\t\t<\/div><!-- .entry-summary -->\n\t\t\t\t\t<div class=\"wpsp-read-more\"><a title=\"Stockbilder auf Shopify\" class=\"wp-show-posts-read-more\" href=\"https:\/\/web-ankh.com\/blog\/stockbilder-auf-shopify\/\">Weiterlesen<\/a><\/div><\/div><!-- wp-show-posts-inner --><\/article><div class=\"wpsp-clear\"><\/div><\/section><!-- .wp-show-posts -->\n<\/div>\n<hr>\n<style>.wp-show-posts-columns#wpsp-443 {margin-left: -2em; }.wp-show-posts-columns#wpsp-443 .wp-show-posts-inner {margin: 0 0 2em 2em; }<\/style><section id=\"wpsp-443\" class=\" wp-show-posts-columns wp-show-posts\" style=\"\"><article class=\" wp-show-posts-single post-745 post type-post status-publish format-standard has-post-thumbnail hentry category-6 category-allgemein wpsp-col-4\" itemtype=\"http:\/\/schema.org\/CreativeWork\" itemscope><div class=\"wp-show-posts-inner\" style=\"\">\t\t\t\t\t\t<header class=\"wp-show-posts-entry-header\">\n\t\t\t\t\t\t\t<h5 class=\"wp-show-posts-entry-title\" itemprop=\"headline\"><a href=\"https:\/\/web-ankh.com\/blog\/supernova-immer-ein-erlebnis\/\" rel=\"bookmark\">Die Supernova immer ein Erlebnis<\/a><\/h5>\t\t\t\t\t\t<\/header><!-- .entry-header -->\n\t\t\t\t\t\t\t<div class=\"wp-show-posts-image  wpsp-image-left \">\n\t\t\t<a href=\"https:\/\/web-ankh.com\/blog\/supernova-immer-ein-erlebnis\/\"  title=\"Die Supernova immer ein Erlebnis\">\t\t\t\t\t<img decoding=\"async\" src=\"https:\/\/web-ankh.com\/blog\/wp-content\/uploads\/2021\/09\/IMG_5740-m-500x400.jpg\" alt=\"Die Supernova immer ein Erlebnis\" itemprop=\"image\" class=\"left\" \/>\n\t\t\t\t<\/a>\t\t<\/div>\n\t\t<div class=\"wpsp-read-more\"><a title=\"Die Supernova immer ein Erlebnis\" class=\"wp-show-posts-read-more\" href=\"https:\/\/web-ankh.com\/blog\/supernova-immer-ein-erlebnis\/\">Weiterlesen<\/a><\/div><\/div><!-- wp-show-posts-inner --><\/article><article class=\" wp-show-posts-single post-728 post type-post status-publish format-standard has-post-thumbnail hentry category-6 category-allgemein wpsp-col-4\" itemtype=\"http:\/\/schema.org\/CreativeWork\" itemscope><div class=\"wp-show-posts-inner\" style=\"\">\t\t\t\t\t\t<header class=\"wp-show-posts-entry-header\">\n\t\t\t\t\t\t\t<h5 class=\"wp-show-posts-entry-title\" itemprop=\"headline\"><a href=\"https:\/\/web-ankh.com\/blog\/mittelschule-am-gerhart-hauptmann-ring-in-muenchen-zeigt-neues-gesicht\/\" rel=\"bookmark\">Mittelschule am Gerhart-Hauptmann-Ring<\/a><\/h5>\t\t\t\t\t\t<\/header><!-- .entry-header -->\n\t\t\t\t\t\t\t<div class=\"wp-show-posts-image  wpsp-image-left \">\n\t\t\t<a href=\"https:\/\/web-ankh.com\/blog\/mittelschule-am-gerhart-hauptmann-ring-in-muenchen-zeigt-neues-gesicht\/\"  title=\"Mittelschule am Gerhart-Hauptmann-Ring\">\t\t\t\t\t<img decoding=\"async\" src=\"https:\/\/web-ankh.com\/blog\/wp-content\/uploads\/2021\/07\/MSGHR-neu-500x400.jpg\" alt=\"Mittelschule am Gerhart-Hauptmann-Ring\" itemprop=\"image\" class=\"left\" \/>\n\t\t\t\t<\/a>\t\t<\/div>\n\t\t<div class=\"wpsp-read-more\"><a title=\"Mittelschule am Gerhart-Hauptmann-Ring\" class=\"wp-show-posts-read-more\" href=\"https:\/\/web-ankh.com\/blog\/mittelschule-am-gerhart-hauptmann-ring-in-muenchen-zeigt-neues-gesicht\/\">Weiterlesen<\/a><\/div><\/div><!-- wp-show-posts-inner --><\/article><article class=\" wp-show-posts-single post-703 post type-post status-publish format-standard has-post-thumbnail hentry category-6 category-allgemein wpsp-col-4\" itemtype=\"http:\/\/schema.org\/CreativeWork\" itemscope><div class=\"wp-show-posts-inner\" style=\"\">\t\t\t\t\t\t<header class=\"wp-show-posts-entry-header\">\n\t\t\t\t\t\t\t<h5 class=\"wp-show-posts-entry-title\" itemprop=\"headline\"><a href=\"https:\/\/web-ankh.com\/blog\/leben-in-zeiten-des-coronavirus\/\" rel=\"bookmark\">Leben in Zeiten des Coronavirus<\/a><\/h5>\t\t\t\t\t\t<\/header><!-- .entry-header -->\n\t\t\t\t\t\t\t<div class=\"wp-show-posts-image  wpsp-image-left \">\n\t\t\t<a href=\"https:\/\/web-ankh.com\/blog\/leben-in-zeiten-des-coronavirus\/\"  title=\"Leben in Zeiten des Coronavirus\">\t\t\t\t\t<img decoding=\"async\" src=\"https:\/\/web-ankh.com\/blog\/wp-content\/uploads\/2021\/06\/FOUTAIN-s-500x400.jpg\" alt=\"Leben in Zeiten des Coronavirus\" itemprop=\"image\" class=\"left\" \/>\n\t\t\t\t<\/a>\t\t<\/div>\n\t\t<div class=\"wpsp-read-more\"><a title=\"Leben in Zeiten des Coronavirus\" class=\"wp-show-posts-read-more\" href=\"https:\/\/web-ankh.com\/blog\/leben-in-zeiten-des-coronavirus\/\">Weiterlesen<\/a><\/div><\/div><!-- wp-show-posts-inner --><\/article><div class=\"wpsp-clear\"><\/div><\/section><!-- .wp-show-posts -->\n<hr>\n<div align=\"center\">\n<div class=\"wpsp-read-more\">\n<a class=\"wp-show-posts-read-more\" href=\"https:\/\/web-ankh.com\/blog\/blog-beitraege\/\">Alle Beitr\u00e4ge anzeigen<\/a><\/div>\n<\/div>\n<hr>\n<p>&nbsp;<\/p>\n","protected":false},"excerpt":{"rendered":"<p>Sch\u00fctzen Sie Ihre Website \u2013 wir unterst\u00fctzen Sie dabei Alle Beitr\u00e4ge anzeigen &nbsp;<\/p>\n","protected":false},"author":2,"featured_media":0,"parent":0,"menu_order":0,"comment_status":"closed","ping_status":"closed","template":"","meta":{"footnotes":""},"class_list":["post-413","page","type-page","status-publish","hentry"],"_links":{"self":[{"href":"https:\/\/web-ankh.com\/blog\/wp-json\/wp\/v2\/pages\/413","targetHints":{"allow":["GET"]}}],"collection":[{"href":"https:\/\/web-ankh.com\/blog\/wp-json\/wp\/v2\/pages"}],"about":[{"href":"https:\/\/web-ankh.com\/blog\/wp-json\/wp\/v2\/types\/page"}],"author":[{"embeddable":true,"href":"https:\/\/web-ankh.com\/blog\/wp-json\/wp\/v2\/users\/2"}],"replies":[{"embeddable":true,"href":"https:\/\/web-ankh.com\/blog\/wp-json\/wp\/v2\/comments?post=413"}],"version-history":[{"count":36,"href":"https:\/\/web-ankh.com\/blog\/wp-json\/wp\/v2\/pages\/413\/revisions"}],"predecessor-version":[{"id":685,"href":"https:\/\/web-ankh.com\/blog\/wp-json\/wp\/v2\/pages\/413\/revisions\/685"}],"wp:attachment":[{"href":"https:\/\/web-ankh.com\/blog\/wp-json\/wp\/v2\/media?parent=413"}],"curies":[{"name":"wp","href":"https:\/\/api.w.org\/{rel}","templated":true}]}}